{"id":113,"date":"2022-03-29T14:27:59","date_gmt":"2022-03-29T12:27:59","guid":{"rendered":"https:\/\/www.restaurant-les-genets.fr\/?page_id=113"},"modified":"2023-03-21T14:59:59","modified_gmt":"2023-03-21T13:59:59","slug":"the-chef","status":"publish","type":"page","link":"https:\/\/www.restaurant-les-genets.fr\/en\/le-chef\/","title":{"rendered":"The leader"},"content":{"rendered":"<div data-elementor-type=\"wp-page\" data-elementor-id=\"113\" class=\"elementor elementor-113\" data-elementor-post-type=\"page\">\n\t\t\t\t\t\t<section class=\"elementor-section elementor-top-section elementor-element elementor-element-29d5467 elementor-section-height-full elementor-section-items-stretch elementor-section-boxed elementor-section-height-default\" data-id=\"29d5467\" data-element_type=\"section\" data-e-type=\"section\" data-settings=\"{&quot;background_background&quot;:&quot;classic&quot;,&quot;mdp_selection_sticky_effect_enable&quot;:false}\">\n\t\t\t\t\t\t<div class=\"elementor-container elementor-column-gap-default\">\n\t\t\t\t\t<div class=\"elementor-column elementor-col-100 elementor-top-column elementor-element elementor-element-1d02470\" data-id=\"1d02470\" data-element_type=\"column\" data-e-type=\"column\" data-settings=\"{&quot;mdp_selection_sticky_column_effect_enable&quot;:false}\">\n\t\t\t<div class=\"elementor-widget-wrap elementor-element-populated\">\n\t\t\t\t\t\t<div class=\"elementor-element elementor-element-18b3985 elementor-hidden-desktop elementor-hidden-tablet elementor-widget elementor-widget-image\" data-id=\"18b3985\" data-element_type=\"widget\" data-e-type=\"widget\" data-widget_type=\"image.default\">\n\t\t\t\t<div class=\"elementor-widget-container\">\n\t\t\t\t\t\t\t\t\t\t\t\t\t\t\t\t<a href=\"https:\/\/www.restaurant-les-genets.fr\/en\">\n\t\t\t\t\t\t\t<img decoding=\"async\" width=\"250\" height=\"122\" src=\"https:\/\/www.restaurant-les-genets.fr\/wp-content\/uploads\/2022\/03\/logo_lesgenets_cmjn-svg.svg\" class=\"attachment-full size-full wp-image-97\" alt=\"\" title=\"Photo -\">\t\t\t\t\t\t\t\t<\/a>\n\t\t\t\t\t\t\t\t\t\t\t\t\t\t\t<\/div>\n\t\t\t\t<\/div>\n\t\t\t\t<div class=\"elementor-element elementor-element-a3cd6b4 elementor-hidden-mobile elementor-widget elementor-widget-heading\" data-id=\"a3cd6b4\" data-element_type=\"widget\" data-e-type=\"widget\" data-widget_type=\"heading.default\">\n\t\t\t\t<div class=\"elementor-widget-container\">\n\t\t\t\t\t<h1 class=\"elementor-heading-title elementor-size-default\">Fine and creative cuisine<\/h1>\t\t\t\t<\/div>\n\t\t\t\t<\/div>\n\t\t\t\t<div class=\"elementor-element elementor-element-fe63d68 elementor-widget elementor-widget-image\" data-id=\"fe63d68\" data-element_type=\"widget\" data-e-type=\"widget\" data-widget_type=\"image.default\">\n\t\t\t\t<div class=\"elementor-widget-container\">\n\t\t\t\t\t\t\t\t\t\t\t\t\t\t\t<img fetchpriority=\"high\" decoding=\"async\" width=\"504\" height=\"492\" src=\"https:\/\/www.restaurant-les-genets.fr\/wp-content\/uploads\/2022\/03\/Groupe-5.svg\" class=\"attachment-full size-full wp-image-739\" alt=\"\" title=\"Photo -\">\t\t\t\t\t\t\t\t\t\t\t\t\t\t\t<\/div>\n\t\t\t\t<\/div>\n\t\t\t\t<div class=\"elementor-element elementor-element-07faecb elementor-hidden-mobile elementor-view-default elementor-widget elementor-widget-icon\" data-id=\"07faecb\" data-element_type=\"widget\" data-e-type=\"widget\" data-widget_type=\"icon.default\">\n\t\t\t\t<div class=\"elementor-widget-container\">\n\t\t\t\t\t\t\t<div class=\"elementor-icon-wrapper\">\n\t\t\t<a class=\"elementor-icon\" href=\"#sectionsuivante\">\n\t\t\t<svg xmlns=\"http:\/\/www.w3.org\/2000\/svg\" xmlns:xlink=\"http:\/\/www.w3.org\/1999\/xlink\" width=\"37.092\" height=\"60.693\" viewbox=\"0 0 37.092 60.693\"><defs><clippath id=\"clip-path\"><rect id=\"Rectangle_5\" data-name=\"Rectangle 5\" width=\"37.092\" height=\"60.693\" fill=\"#fff\"><\/rect><\/clippath><\/defs><g id=\"Groupe_11\" data-name=\"Groupe 11\" transform=\"translate(0 0)\"><g id=\"Groupe_10\" data-name=\"Groupe 10\" transform=\"translate(0 0)\" clip-path=\"url(#clip-path)\"><path id=\"Trac&#xE9;_18\" data-name=\"Trac&#xE9; 18\" d=\"M18.546,60.693A18.6,18.6,0,0,1,0,42.15v-23.6a18.546,18.546,0,0,1,37.092,0v23.6A18.6,18.6,0,0,1,18.546,60.693Zm0-57.321A15.218,15.218,0,0,0,3.372,18.546v23.6a15.174,15.174,0,0,0,30.348,0v-23.6A15.218,15.218,0,0,0,18.546,3.372\" transform=\"translate(0 -0.001)\" fill=\"#fff\"><\/path><path id=\"Trac&#xE9;_19\" data-name=\"Trac&#xE9; 19\" d=\"M8.106,14.289A1.691,1.691,0,0,1,6.42,12.6V5.859a1.686,1.686,0,1,1,3.372,0V12.6a1.691,1.691,0,0,1-1.686,1.686\" transform=\"translate(10.44 6.785)\" fill=\"#fff\"><\/path><\/g><\/g><\/svg>\t\t\t<\/a>\n\t\t<\/div>\n\t\t\t\t\t\t<\/div>\n\t\t\t\t<\/div>\n\t\t\t\t\t<\/div>\n\t\t<\/div>\n\t\t\t\t\t<\/div>\n\t\t<\/section>\n\t\t\t\t<section class=\"elementor-section elementor-top-section elementor-element elementor-element-5b6849b5 elementor-section-full_width elementor-section-height-full elementor-section-items-stretch elementor-section-height-default\" data-id=\"5b6849b5\" data-element_type=\"section\" data-e-type=\"section\" id=\"sectionsuivante\" data-settings=\"{&quot;background_background&quot;:&quot;classic&quot;,&quot;mdp_selection_sticky_effect_enable&quot;:false}\">\n\t\t\t\t\t\t<div class=\"elementor-container elementor-column-gap-no\">\n\t\t\t\t\t<div class=\"elementor-column elementor-col-50 elementor-top-column elementor-element elementor-element-3567e746\" data-id=\"3567e746\" data-element_type=\"column\" data-e-type=\"column\" data-settings=\"{&quot;background_background&quot;:&quot;classic&quot;,&quot;mdp_selection_sticky_column_effect_enable&quot;:false}\">\n\t\t\t<div class=\"elementor-widget-wrap elementor-element-populated\">\n\t\t\t\t\t\t<div class=\"elementor-element elementor-element-6696cc3a elementor-widget elementor-widget-spacer\" data-id=\"6696cc3a\" data-element_type=\"widget\" data-e-type=\"widget\" data-widget_type=\"spacer.default\">\n\t\t\t\t<div class=\"elementor-widget-container\">\n\t\t\t\t\t\t\t<div class=\"elementor-spacer\">\n\t\t\t<div class=\"elementor-spacer-inner\"><\/div>\n\t\t<\/div>\n\t\t\t\t\t\t<\/div>\n\t\t\t\t<\/div>\n\t\t\t\t\t<\/div>\n\t\t<\/div>\n\t\t\t\t<div class=\"elementor-column elementor-col-50 elementor-top-column elementor-element elementor-element-42e6a226 col50-texte\" data-id=\"42e6a226\" data-element_type=\"column\" data-e-type=\"column\" data-settings=\"{&quot;background_background&quot;:&quot;classic&quot;,&quot;mdp_selection_sticky_column_effect_enable&quot;:false}\">\n\t\t\t<div class=\"elementor-widget-wrap elementor-element-populated\">\n\t\t\t\t\t\t<div class=\"elementor-element elementor-element-7c02c60e titre2lignes elementor-widget elementor-widget-heading\" data-id=\"7c02c60e\" data-element_type=\"widget\" data-e-type=\"widget\" data-widget_type=\"heading.default\">\n\t\t\t\t<div class=\"elementor-widget-container\">\n\t\t\t\t\t<h1 class=\"elementor-heading-title elementor-size-default\">A little about us  <strong>\nthe story of our leader<\/strong><\/h1>\t\t\t\t<\/div>\n\t\t\t\t<\/div>\n\t\t\t\t<div class=\"elementor-element elementor-element-6f8c2c22 elementor-invisible elementor-widget elementor-widget-text-editor\" data-id=\"6f8c2c22\" data-element_type=\"widget\" data-e-type=\"widget\" data-settings=\"{&quot;_animation&quot;:&quot;fadeInRight&quot;}\" data-widget_type=\"text-editor.default\">\n\t\t\t\t<div class=\"elementor-widget-container\">\n\t\t\t\t\t\t\t\t\t<p>The land and the sea at their best... This is what defines the cuisine of Chef Nicolas Coutand.  Behind the sought-after simplicity of the plates, recipes worked and fresh products of the best quality.\u00a0<\/p><p>This native of the region first worked at the Hotel Nikko in Paris, then at the Restaurant du S\u00e9nat in Paris, Troisgros in Roanne, the Richelieu on the Ile de R\u00e9, the Castel Marie Louise in La Baule and the Ch\u00e2teau de Mirambeau in Mirambeau.<\/p><p>He is now in charge of the kitchens of the Restaurant Les Gen\u00eats and offers surprising flavours, with a lot of finesse.<\/p>\t\t\t\t\t\t\t\t<\/div>\n\t\t\t\t<\/div>\n\t\t\t\t\t<\/div>\n\t\t<\/div>\n\t\t\t\t\t<\/div>\n\t\t<\/section>\n\t\t\t\t<section class=\"elementor-section elementor-top-section elementor-element elementor-element-5793cd0e elementor-section-full_width elementor-section-height-full elementor-section-items-stretch elementor-reverse-tablet elementor-reverse-mobile elementor-section-height-default\" data-id=\"5793cd0e\" data-element_type=\"section\" data-e-type=\"section\" data-settings=\"{&quot;background_background&quot;:&quot;classic&quot;,&quot;mdp_selection_sticky_effect_enable&quot;:false}\">\n\t\t\t\t\t\t<div class=\"elementor-container elementor-column-gap-no\">\n\t\t\t\t\t<div class=\"elementor-column elementor-col-50 elementor-top-column elementor-element elementor-element-b59792b col50-texte\" data-id=\"b59792b\" data-element_type=\"column\" data-e-type=\"column\" data-settings=\"{&quot;background_background&quot;:&quot;classic&quot;,&quot;mdp_selection_sticky_column_effect_enable&quot;:false}\">\n\t\t\t<div class=\"elementor-widget-wrap elementor-element-populated\">\n\t\t\t\t\t\t<div class=\"elementor-element elementor-element-4c74911 titre2lignes elementor-widget elementor-widget-heading\" data-id=\"4c74911\" data-element_type=\"widget\" data-e-type=\"widget\" data-widget_type=\"heading.default\">\n\t\t\t\t<div class=\"elementor-widget-container\">\n\t\t\t\t\t<h2 class=\"elementor-heading-title elementor-size-default\">Our team<strong> passionate<\/strong><\/h2>\t\t\t\t<\/div>\n\t\t\t\t<\/div>\n\t\t\t\t<div class=\"elementor-element elementor-element-450ace55 elementor-widget elementor-widget-text-editor\" data-id=\"450ace55\" data-element_type=\"widget\" data-e-type=\"widget\" data-widget_type=\"text-editor.default\">\n\t\t\t\t<div class=\"elementor-widget-container\">\n\t\t\t\t\t\t\t\t\t<p>Our team of talented and passionate people is here to provide you with an unforgettable experience in our starred restaurant.\u00a0<\/p><p><span style=\"color: var( --e-global-color-c96017e ); font-family: var( --e-global-typography-43fd4b2-font-family ), Sans-serif; font-size: var( --e-global-typography-43fd4b2-font-size ); font-style: var( --e-global-typography-43fd4b2-font-style ); font-weight: var( --e-global-typography-43fd4b2-font-weight ); letter-spacing: var( --e-global-typography-43fd4b2-letter-spacing ); word-spacing: var( --e-global-typography-43fd4b2-word-spacing );\">Whether behind the scenes or on duty, we'll be delighted to welcome you to our establishment with a smile.<\/span><\/p>\t\t\t\t\t\t\t\t<\/div>\n\t\t\t\t<\/div>\n\t\t\t\t\t<\/div>\n\t\t<\/div>\n\t\t\t\t<div class=\"elementor-column elementor-col-50 elementor-top-column elementor-element elementor-element-5e16ae2f\" data-id=\"5e16ae2f\" data-element_type=\"column\" data-e-type=\"column\" data-settings=\"{&quot;background_background&quot;:&quot;classic&quot;,&quot;mdp_selection_sticky_column_effect_enable&quot;:false}\">\n\t\t\t<div class=\"elementor-widget-wrap elementor-element-populated\">\n\t\t\t\t\t\t<div class=\"elementor-element elementor-element-8a2b481 elementor-widget elementor-widget-spacer\" data-id=\"8a2b481\" data-element_type=\"widget\" data-e-type=\"widget\" data-widget_type=\"spacer.default\">\n\t\t\t\t<div class=\"elementor-widget-container\">\n\t\t\t\t\t\t\t<div class=\"elementor-spacer\">\n\t\t\t<div class=\"elementor-spacer-inner\"><\/div>\n\t\t<\/div>\n\t\t\t\t\t\t<\/div>\n\t\t\t\t<\/div>\n\t\t\t\t\t<\/div>\n\t\t<\/div>\n\t\t\t\t\t<\/div>\n\t\t<\/section>\n\t\t\t\t<\/div>","protected":false},"excerpt":{"rendered":"<p>Cuisine fine et cr\u00e9ative Un peu de nous l&rsquo;histoire de notre chef La Terre et la Mer pour le meilleur\u2026 Voici ce qui d\u00e9finit la cuisine du Chef Nicolas Coutand.\u00a0 Derri\u00e8re la simplicit\u00e9 recherch\u00e9e des assiettes, des recettes travaill\u00e9es et des produits frais de la meilleure qualit\u00e9.\u00a0 Ce chef originaire de la r\u00e9gion a\u00a0 d&rsquo;abord [&hellip;]<\/p>\n","protected":false},"author":5,"featured_media":0,"parent":0,"menu_order":0,"comment_status":"closed","ping_status":"closed","template":"","meta":{"inline_featured_image":false,"footnotes":""},"class_list":["post-113","page","type-page","status-publish","hentry"],"_links":{"self":[{"href":"https:\/\/www.restaurant-les-genets.fr\/en\/wp-json\/wp\/v2\/pages\/113","targetHints":{"allow":["GET"]}}],"collection":[{"href":"https:\/\/www.restaurant-les-genets.fr\/en\/wp-json\/wp\/v2\/pages"}],"about":[{"href":"https:\/\/www.restaurant-les-genets.fr\/en\/wp-json\/wp\/v2\/types\/page"}],"author":[{"embeddable":true,"href":"https:\/\/www.restaurant-les-genets.fr\/en\/wp-json\/wp\/v2\/users\/5"}],"replies":[{"embeddable":true,"href":"https:\/\/www.restaurant-les-genets.fr\/en\/wp-json\/wp\/v2\/comments?post=113"}],"version-history":[{"count":79,"href":"https:\/\/www.restaurant-les-genets.fr\/en\/wp-json\/wp\/v2\/pages\/113\/revisions"}],"predecessor-version":[{"id":3311,"href":"https:\/\/www.restaurant-les-genets.fr\/en\/wp-json\/wp\/v2\/pages\/113\/revisions\/3311"}],"wp:attachment":[{"href":"https:\/\/www.restaurant-les-genets.fr\/en\/wp-json\/wp\/v2\/media?parent=113"}],"curies":[{"name":"wp","href":"https:\/\/api.w.org\/{rel}","templated":true}]}}