{"id":2243,"date":"2022-04-11T21:45:23","date_gmt":"2022-04-11T19:45:23","guid":{"rendered":"https:\/\/www.restaurant-les-genets.fr\/?page_id=2243"},"modified":"2026-04-08T17:20:39","modified_gmt":"2026-04-08T15:20:39","slug":"bistronomic-menu","status":"publish","type":"page","link":"https:\/\/www.restaurant-les-genets.fr\/en\/bistronomie\/menu-bistronomique\/","title":{"rendered":"Bistronomic menu"},"content":{"rendered":"<div data-elementor-type=\"wp-page\" data-elementor-id=\"2243\" class=\"elementor elementor-2243\" data-elementor-post-type=\"page\">\n\t\t\t\t\t\t<section class=\"elementor-section elementor-top-section elementor-element elementor-element-675a187 elementor-section-height-full elementor-section-items-stretch elementor-section-boxed elementor-section-height-default\" data-id=\"675a187\" data-element_type=\"section\" data-e-type=\"section\" data-settings=\"{&quot;background_background&quot;:&quot;classic&quot;,&quot;mdp_selection_sticky_effect_enable&quot;:false}\">\n\t\t\t\t\t\t<div class=\"elementor-container elementor-column-gap-default\">\n\t\t\t\t\t<div class=\"elementor-column elementor-col-100 elementor-top-column elementor-element elementor-element-8ea0a16\" data-id=\"8ea0a16\" data-element_type=\"column\" data-e-type=\"column\" data-settings=\"{&quot;mdp_selection_sticky_column_effect_enable&quot;:false}\">\n\t\t\t<div class=\"elementor-widget-wrap elementor-element-populated\">\n\t\t\t\t\t\t<div class=\"elementor-element elementor-element-c5e7ba5 elementor-hidden-desktop elementor-hidden-tablet elementor-widget elementor-widget-image\" data-id=\"c5e7ba5\" data-element_type=\"widget\" data-e-type=\"widget\" data-widget_type=\"image.default\">\n\t\t\t\t<div class=\"elementor-widget-container\">\n\t\t\t\t\t\t\t\t\t\t\t\t\t\t\t\t<a href=\"https:\/\/www.restaurant-les-genets.fr\/en\">\n\t\t\t\t\t\t\t<img decoding=\"async\" width=\"250\" height=\"122\" src=\"https:\/\/www.restaurant-les-genets.fr\/wp-content\/uploads\/2022\/03\/logo_lesgenets_cmjn-svg.svg\" class=\"attachment-full size-full wp-image-97\" alt=\"\" title=\"Photo -\">\t\t\t\t\t\t\t\t<\/a>\n\t\t\t\t\t\t\t\t\t\t\t\t\t\t\t<\/div>\n\t\t\t\t<\/div>\n\t\t\t\t<div class=\"elementor-element elementor-element-b0526bf elementor-hidden-mobile elementor-widget elementor-widget-heading\" data-id=\"b0526bf\" data-element_type=\"widget\" data-e-type=\"widget\" data-widget_type=\"heading.default\">\n\t\t\t\t<div class=\"elementor-widget-container\">\n\t\t\t\t\t<h1 class=\"elementor-heading-title elementor-size-default\">Fine and creative cuisine<\/h1>\t\t\t\t<\/div>\n\t\t\t\t<\/div>\n\t\t\t\t<div class=\"elementor-element elementor-element-1d5912d elementor-widget elementor-widget-image\" data-id=\"1d5912d\" data-element_type=\"widget\" data-e-type=\"widget\" data-widget_type=\"image.default\">\n\t\t\t\t<div class=\"elementor-widget-container\">\n\t\t\t\t\t\t\t\t\t\t\t\t\t\t\t<img fetchpriority=\"high\" decoding=\"async\" width=\"504\" height=\"492\" src=\"https:\/\/www.restaurant-les-genets.fr\/wp-content\/uploads\/2022\/03\/Groupe-5.svg\" class=\"attachment-full size-full wp-image-739\" alt=\"\" title=\"Photo -\">\t\t\t\t\t\t\t\t\t\t\t\t\t\t\t<\/div>\n\t\t\t\t<\/div>\n\t\t\t\t<div class=\"elementor-element elementor-element-9f96886 elementor-hidden-mobile elementor-view-default elementor-widget elementor-widget-icon\" data-id=\"9f96886\" data-element_type=\"widget\" data-e-type=\"widget\" data-widget_type=\"icon.default\">\n\t\t\t\t<div class=\"elementor-widget-container\">\n\t\t\t\t\t\t\t<div class=\"elementor-icon-wrapper\">\n\t\t\t<a class=\"elementor-icon\" href=\"#sectionsuivante\">\n\t\t\t<svg xmlns=\"http:\/\/www.w3.org\/2000\/svg\" xmlns:xlink=\"http:\/\/www.w3.org\/1999\/xlink\" width=\"37.092\" height=\"60.693\" viewbox=\"0 0 37.092 60.693\"><defs><clippath id=\"clip-path\"><rect id=\"Rectangle_5\" data-name=\"Rectangle 5\" width=\"37.092\" height=\"60.693\" fill=\"#fff\"><\/rect><\/clippath><\/defs><g id=\"Groupe_11\" data-name=\"Groupe 11\" transform=\"translate(0 0)\"><g id=\"Groupe_10\" data-name=\"Groupe 10\" transform=\"translate(0 0)\" clip-path=\"url(#clip-path)\"><path id=\"Trac&#xE9;_18\" data-name=\"Trac&#xE9; 18\" d=\"M18.546,60.693A18.6,18.6,0,0,1,0,42.15v-23.6a18.546,18.546,0,0,1,37.092,0v23.6A18.6,18.6,0,0,1,18.546,60.693Zm0-57.321A15.218,15.218,0,0,0,3.372,18.546v23.6a15.174,15.174,0,0,0,30.348,0v-23.6A15.218,15.218,0,0,0,18.546,3.372\" transform=\"translate(0 -0.001)\" fill=\"#fff\"><\/path><path id=\"Trac&#xE9;_19\" data-name=\"Trac&#xE9; 19\" d=\"M8.106,14.289A1.691,1.691,0,0,1,6.42,12.6V5.859a1.686,1.686,0,1,1,3.372,0V12.6a1.691,1.691,0,0,1-1.686,1.686\" transform=\"translate(10.44 6.785)\" fill=\"#fff\"><\/path><\/g><\/g><\/svg>\t\t\t<\/a>\n\t\t<\/div>\n\t\t\t\t\t\t<\/div>\n\t\t\t\t<\/div>\n\t\t\t\t\t<\/div>\n\t\t<\/div>\n\t\t\t\t\t<\/div>\n\t\t<\/section>\n\t\t\t\t<section class=\"elementor-section elementor-top-section elementor-element elementor-element-5671818 elementor-section-boxed elementor-section-height-default elementor-section-height-default\" data-id=\"5671818\" data-element_type=\"section\" data-e-type=\"section\" data-settings=\"{&quot;mdp_selection_sticky_effect_enable&quot;:false}\">\n\t\t\t\t\t\t<div class=\"elementor-container elementor-column-gap-default\">\n\t\t\t\t\t<div class=\"elementor-column elementor-col-100 elementor-top-column elementor-element elementor-element-35d7b20\" data-id=\"35d7b20\" data-element_type=\"column\" data-e-type=\"column\" data-settings=\"{&quot;mdp_selection_sticky_column_effect_enable&quot;:false}\">\n\t\t\t<div class=\"elementor-widget-wrap elementor-element-populated\">\n\t\t\t\t\t\t<div class=\"elementor-element elementor-element-3595348 titre2lignes titreBlancSurMobile elementor-widget elementor-widget-heading\" data-id=\"3595348\" data-element_type=\"widget\" data-e-type=\"widget\" data-widget_type=\"heading.default\">\n\t\t\t\t<div class=\"elementor-widget-container\">\n\t\t\t\t\t<h1 class=\"elementor-heading-title elementor-size-default\">Discovering the menu  <strong>\nbistronomic<\/strong><\/h1>\t\t\t\t<\/div>\n\t\t\t\t<\/div>\n\t\t\t\t\t<\/div>\n\t\t<\/div>\n\t\t\t\t\t<\/div>\n\t\t<\/section>\n\t\t\t\t<section class=\"elementor-section elementor-top-section elementor-element elementor-element-0829fae elementor-section-boxed elementor-section-height-default elementor-section-height-default\" data-id=\"0829fae\" data-element_type=\"section\" data-e-type=\"section\" data-settings=\"{&quot;mdp_selection_sticky_effect_enable&quot;:false}\">\n\t\t\t\t\t\t<div class=\"elementor-container elementor-column-gap-default\">\n\t\t\t\t\t<div class=\"elementor-column elementor-col-100 elementor-top-column elementor-element elementor-element-fe689d9\" data-id=\"fe689d9\" data-element_type=\"column\" data-e-type=\"column\" data-settings=\"{&quot;mdp_selection_sticky_column_effect_enable&quot;:false}\">\n\t\t\t<div class=\"elementor-widget-wrap elementor-element-populated\">\n\t\t\t\t\t\t<section class=\"elementor-section elementor-inner-section elementor-element elementor-element-09da847 elementor-section-boxed elementor-section-height-default elementor-section-height-default\" data-id=\"09da847\" data-element_type=\"section\" data-e-type=\"section\" data-settings=\"{&quot;mdp_selection_sticky_effect_enable&quot;:false}\">\n\t\t\t\t\t\t<div class=\"elementor-container elementor-column-gap-default\">\n\t\t\t\t\t<div class=\"elementor-column elementor-col-100 elementor-inner-column elementor-element elementor-element-fa7a2a3\" data-id=\"fa7a2a3\" data-element_type=\"column\" data-e-type=\"column\" data-settings=\"{&quot;mdp_selection_sticky_column_effect_enable&quot;:false}\">\n\t\t\t<div class=\"elementor-widget-wrap elementor-element-populated\">\n\t\t\t\t\t\t<div class=\"elementor-element elementor-element-faf0002 elementor-widget elementor-widget-text-editor\" data-id=\"faf0002\" data-element_type=\"widget\" data-e-type=\"widget\" data-widget_type=\"text-editor.default\">\n\t\t\t\t<div class=\"elementor-widget-container\">\n\t\t\t\t\t\t\t\t\t<p>Nicolas Coutand, Head Chef, offers you a light, flavoursome meal. The menu is inspired by the market and local producers. The menu changes regularly, so that you can take full advantage of the fresh seasonal produce.<\/p><p><strong>\u00a0 \u00a0 \u00a0 \u00a0 \u00a0 \u00a0 \u00a0 \u00a0 \u00a0 \u00a0 This menu is only served at lunchtime, excluding weekends and public holidays.<\/strong><\/p>\t\t\t\t\t\t\t\t<\/div>\n\t\t\t\t<\/div>\n\t\t\t\t\t<\/div>\n\t\t<\/div>\n\t\t\t\t\t<\/div>\n\t\t<\/section>\n\t\t\t\t<div class=\"elementor-element elementor-element-93d9cfc elementor-widget elementor-widget-text-editor\" data-id=\"93d9cfc\" data-element_type=\"widget\" data-e-type=\"widget\" data-widget_type=\"text-editor.default\">\n\t\t\t\t<div class=\"elementor-widget-container\">\n\t\t\t\t\t\t\t\t\t<p>***<\/p>\t\t\t\t\t\t\t\t<\/div>\n\t\t\t\t<\/div>\n\t\t\t\t<div class=\"elementor-element elementor-element-233b037 elementor-widget elementor-widget-heading\" data-id=\"233b037\" data-element_type=\"widget\" data-e-type=\"widget\" data-widget_type=\"heading.default\">\n\t\t\t\t<div class=\"elementor-widget-container\">\n\t\t\t\t\t<h2 class=\"elementor-heading-title elementor-size-default\">BISTRONOMICS menu<\/h2>\t\t\t\t<\/div>\n\t\t\t\t<\/div>\n\t\t\t\t<section class=\"elementor-section elementor-inner-section elementor-element elementor-element-31572c5 elementor-section-boxed elementor-section-height-default elementor-section-height-default\" data-id=\"31572c5\" data-element_type=\"section\" data-e-type=\"section\" data-settings=\"{&quot;mdp_selection_sticky_effect_enable&quot;:false}\">\n\t\t\t\t\t\t<div class=\"elementor-container elementor-column-gap-default\">\n\t\t\t\t\t<div class=\"elementor-column elementor-col-100 elementor-inner-column elementor-element elementor-element-f91dc7d\" data-id=\"f91dc7d\" data-element_type=\"column\" data-e-type=\"column\" data-settings=\"{&quot;mdp_selection_sticky_column_effect_enable&quot;:false}\">\n\t\t\t<div class=\"elementor-widget-wrap elementor-element-populated\">\n\t\t\t\t\t\t<div class=\"elementor-element elementor-element-21b24b1 elementor-widget elementor-widget-text-editor\" data-id=\"21b24b1\" data-element_type=\"widget\" data-e-type=\"widget\" data-widget_type=\"text-editor.default\">\n\t\t\t\t<div class=\"elementor-widget-container\">\n\t\t\t\t\t\t\t\t\t<p><span style=\"text-decoration: underline;\"><strong>\u00a0Les entr\u00e9es :<\/strong><\/span><\/p><p>\u00a0<\/p><p>Press\u00e9 de chevreuil au lard fum\u00e9, noix et marmelade d&rsquo;oignon rouge &#8211; 12\u20ac<\/p><p>\u00a0<\/p><p>Tartare de b\u0153uf, hu\u00eetres poch\u00e9es et pomme de terre nouvelle &#8211; 14\u20ac<\/p><p>\u00a0<\/p><p>Jaune d&rsquo;\u0153uf confit, poireaux \u00e0 la braise et cacahu\u00e8tes &#8211; 12\u20ac<\/p><p>\u00a0<\/p><p>Les hu\u00eetres \u00ab\u00a0fines de claire\u00a0\u00bb n\u00b03, nature, \u00e9chalotes et fines herbes &#8211; 16\u20ac les 9, 21\u20ac les 12<\/p>\t\t\t\t\t\t\t\t<\/div>\n\t\t\t\t<\/div>\n\t\t\t\t\t<\/div>\n\t\t<\/div>\n\t\t\t\t\t<\/div>\n\t\t<\/section>\n\t\t\t\t<div class=\"elementor-element elementor-element-3da6b95 elementor-widget elementor-widget-text-editor\" data-id=\"3da6b95\" data-element_type=\"widget\" data-e-type=\"widget\" data-widget_type=\"text-editor.default\">\n\t\t\t\t<div class=\"elementor-widget-container\">\n\t\t\t\t\t\t\t\t\t<p>***<\/p>\t\t\t\t\t\t\t\t<\/div>\n\t\t\t\t<\/div>\n\t\t\t\t<div class=\"elementor-element elementor-element-d4ee9d8 elementor-widget elementor-widget-text-editor\" data-id=\"d4ee9d8\" data-element_type=\"widget\" data-e-type=\"widget\" data-widget_type=\"text-editor.default\">\n\t\t\t\t<div class=\"elementor-widget-container\">\n\t\t\t\t\t\t\t\t\t<p><span style=\"text-decoration: underline;\"><strong>\u00a0Les plats :<br \/><br \/><\/strong><\/span><\/p><p>Le retour de la cri\u00e9e, choux brais\u00e9 safran\u00e9 et beurre de crustac\u00e9 &#8211; 24\u20ac<\/p><p>\u00a0<\/p><p>Carr\u00e9 de porc, jus en aigre doux, wok de l\u00e9gumes et sauce soja &#8211; 22\u20ac<\/p><p>\u00a0<\/p><p>Paleron de boeuf brais\u00e9 24 heures, sauce \u00ab\u00a0Marchand de vin\u00a0\u00bb &#8211; 24\u20ac<\/p>\t\t\t\t\t\t\t\t<\/div>\n\t\t\t\t<\/div>\n\t\t\t\t<div class=\"elementor-element elementor-element-ae756bb elementor-widget elementor-widget-text-editor\" data-id=\"ae756bb\" data-element_type=\"widget\" data-e-type=\"widget\" data-widget_type=\"text-editor.default\">\n\t\t\t\t<div class=\"elementor-widget-container\">\n\t\t\t\t\t\t\t\t\t<p>***<\/p>\t\t\t\t\t\t\t\t<\/div>\n\t\t\t\t<\/div>\n\t\t\t\t<div class=\"elementor-element elementor-element-99809ba elementor-widget elementor-widget-text-editor\" data-id=\"99809ba\" data-element_type=\"widget\" data-e-type=\"widget\" data-widget_type=\"text-editor.default\">\n\t\t\t\t<div class=\"elementor-widget-container\">\n\t\t\t\t\t\t\t\t\t<p><span style=\"text-decoration: underline;\"><strong>Les desserts :<\/strong><\/span><\/p><p>\u00a0<\/p><p>Assiette de fromages affin\u00e9s, herbes et\u00a0 fruits acidul\u00e9s ( suppl\u00e9ment 14 euros ).<\/p><p>***<\/p><p>Dariole au chocolat coulant, sorbet ou glace &#8211; 12\u20ac<\/p><p>\u00a0<\/p><p>Chocolat en mousse, agrume-noisettes &#8211; 10\u20ac<\/p><p>\u00a0<\/p><p>Cr\u00e9meux ananas et poivre de sichuan &#8211; 10\u20ac<\/p>\t\t\t\t\t\t\t\t<\/div>\n\t\t\t\t<\/div>\n\t\t\t\t<div class=\"elementor-element elementor-element-9904ead elementor-widget elementor-widget-text-editor\" data-id=\"9904ead\" data-element_type=\"widget\" data-e-type=\"widget\" data-widget_type=\"text-editor.default\">\n\t\t\t\t<div class=\"elementor-widget-container\">\n\t\t\t\t\t\t\t\t\t<p>A few sweet treats.<\/p>\t\t\t\t\t\t\t\t<\/div>\n\t\t\t\t<\/div>\n\t\t\t\t<div class=\"elementor-element elementor-element-7348474 elementor-widget elementor-widget-text-editor\" data-id=\"7348474\" data-element_type=\"widget\" data-e-type=\"widget\" data-widget_type=\"text-editor.default\">\n\t\t\t\t<div class=\"elementor-widget-container\">\n\t\t\t\t\t\t\t\t\t<p>\u00a0<\/p><p><strong>45 euros: entr\u00e9e,poisson, viande, dessert.<\/strong><\/p><p><strong>35 euros<\/strong> starter, main course and dessert.<\/p><p><strong>30 euros<\/strong> starter, main course or dessert course.<\/p><p>Service included. Meat of French origin<\/p><p>***<\/p><p align=\"center\"><span style=\"font-family: Comic Sans MS, cursive;\"><span style=\"font-size: large;\"><b>\u00a0\"Disguise<\/b><\/span><\/span><span style=\"font-family: Comic Sans MS, cursive;\"><span style=\"font-size: large;\"><b>station like the big boys!<\/b><\/span><\/span><\/p><p align=\"left\"><span style=\"font-family: Comic Sans MS, cursive;\"><span style=\"font-size: medium;\"><i>\u00a0 \u00a0 \u00a0 \u00a0 \u00a0 \u00a0 \u00a0 \u00a0 \u00a0 \u00a0 \u00a0 \u00a0 \u00a0 \u00a0 \u00a0 \u00a0 \u00a0 \u00a0 \u00a0 \u00a0 \u00a0 \u00a0 \u00a0 \u00a0 \u00a0 \u00a0 \u00a0 \u00a0 \u00a0 \u00a0 \u00a0 \u00a0 \u00a0 \u00a0 \u00a0 \u00a0 \u00a0 \u00a0 \u00a0 \u00a0 \u00a0 \u00a0 \u00a0Children's menu (up to 1<\/i><\/span><span style=\"font-size: medium;\"><i>0<\/i><\/span><span style=\"font-size: medium;\"><i> years)<\/i><\/span><\/span><\/p><p align=\"left\"><span style=\"font-family: Comic Sans MS, cursive;\"><b><span style=\"font-size: medium;\">\u00a0 \u00a0 \u00a0 \u00a0 \u00a0 \u00a0 \u00a0 \u00a0 \u00a0 \u00a0 \u00a0 \u00a0 \u00a0 \u00a0 \u00a0 \u00a0 \u00a0 \u00a0 \u00a0 \u00a0 \u00a0 \u00a0 \u00a0 \u00a0 \u00a0 \u00a0 \u00a0 \u00a0 \u00a0 \u00a024<\/span> <\/b><span style=\"font-size: medium;\"><b>\u20ac<\/b><\/span><span style=\"font-size: medium;\"><b>:<\/b><\/span><span style=\"font-size: medium;\">E<\/span><span style=\"font-size: medium;\">starter, main course, dessert.\u00a0\u00a0<\/span><\/span><\/p>\t\t\t\t\t\t\t\t<\/div>\n\t\t\t\t<\/div>\n\t\t\t\t<div class=\"elementor-element elementor-element-86212bb elementor-widget elementor-widget-text-editor\" data-id=\"86212bb\" data-element_type=\"widget\" data-e-type=\"widget\" data-widget_type=\"text-editor.default\">\n\t\t\t\t<div class=\"elementor-widget-container\">\n\t\t\t\t\t\t\t\t\t<p>\u00a0<\/p><p>\u00a0<\/p>\t\t\t\t\t\t\t\t<\/div>\n\t\t\t\t<\/div>\n\t\t\t\t\t<\/div>\n\t\t<\/div>\n\t\t\t\t\t<\/div>\n\t\t<\/section>\n\t\t\t\t<\/div>","protected":false},"excerpt":{"rendered":"<p>Cuisine fine et cr\u00e9ative \u00c0 la d\u00e9couverte du menu bistronomique Nicolas Coutand, Chef de Cuisine, vous propose un repas l\u00e9ger et parfum\u00e9. Rythm\u00e9 par le march\u00e9 et les producteurs locaux. Il change tr\u00e8s r\u00e9guli\u00e8rement, afin de vous faire profiter pleinement des produits frais de saison. \u00a0 \u00a0 \u00a0 \u00a0 \u00a0 \u00a0 \u00a0 \u00a0 \u00a0 \u00a0 [&hellip;]<\/p>\n","protected":false},"author":5,"featured_media":0,"parent":108,"menu_order":0,"comment_status":"closed","ping_status":"closed","template":"","meta":{"inline_featured_image":false,"footnotes":""},"class_list":["post-2243","page","type-page","status-publish","hentry"],"_links":{"self":[{"href":"https:\/\/www.restaurant-les-genets.fr\/en\/wp-json\/wp\/v2\/pages\/2243","targetHints":{"allow":["GET"]}}],"collection":[{"href":"https:\/\/www.restaurant-les-genets.fr\/en\/wp-json\/wp\/v2\/pages"}],"about":[{"href":"https:\/\/www.restaurant-les-genets.fr\/en\/wp-json\/wp\/v2\/types\/page"}],"author":[{"embeddable":true,"href":"https:\/\/www.restaurant-les-genets.fr\/en\/wp-json\/wp\/v2\/users\/5"}],"replies":[{"embeddable":true,"href":"https:\/\/www.restaurant-les-genets.fr\/en\/wp-json\/wp\/v2\/comments?post=2243"}],"version-history":[{"count":450,"href":"https:\/\/www.restaurant-les-genets.fr\/en\/wp-json\/wp\/v2\/pages\/2243\/revisions"}],"predecessor-version":[{"id":4317,"href":"https:\/\/www.restaurant-les-genets.fr\/en\/wp-json\/wp\/v2\/pages\/2243\/revisions\/4317"}],"up":[{"embeddable":true,"href":"https:\/\/www.restaurant-les-genets.fr\/en\/wp-json\/wp\/v2\/pages\/108"}],"wp:attachment":[{"href":"https:\/\/www.restaurant-les-genets.fr\/en\/wp-json\/wp\/v2\/media?parent=2243"}],"curies":[{"name":"wp","href":"https:\/\/api.w.org\/{rel}","templated":true}]}}