{"id":2270,"date":"2022-04-11T22:22:28","date_gmt":"2022-04-11T20:22:28","guid":{"rendered":"https:\/\/www.restaurant-les-genets.fr\/?page_id=2270"},"modified":"2026-04-30T17:28:52","modified_gmt":"2026-04-30T15:28:52","slug":"gourmet-menu","status":"publish","type":"page","link":"https:\/\/www.restaurant-les-genets.fr\/en\/gastronomie\/menu-gastronomique\/","title":{"rendered":"Gourmet menu"},"content":{"rendered":"<div data-elementor-type=\"wp-page\" data-elementor-id=\"2270\" class=\"elementor elementor-2270\" data-elementor-post-type=\"page\">\n\t\t\t\t\t\t<section class=\"elementor-section elementor-top-section elementor-element elementor-element-0624672 elementor-section-height-full elementor-section-items-stretch elementor-section-boxed elementor-section-height-default\" data-id=\"0624672\" data-element_type=\"section\" data-e-type=\"section\" data-settings=\"{&quot;background_background&quot;:&quot;classic&quot;,&quot;mdp_selection_sticky_effect_enable&quot;:false}\">\n\t\t\t\t\t\t<div class=\"elementor-container elementor-column-gap-default\">\n\t\t\t\t\t<div class=\"elementor-column elementor-col-100 elementor-top-column elementor-element elementor-element-3163064\" data-id=\"3163064\" data-element_type=\"column\" data-e-type=\"column\" data-settings=\"{&quot;mdp_selection_sticky_column_effect_enable&quot;:false}\">\n\t\t\t<div class=\"elementor-widget-wrap elementor-element-populated\">\n\t\t\t\t\t\t<div class=\"elementor-element elementor-element-1efc625 elementor-hidden-desktop elementor-hidden-tablet elementor-widget elementor-widget-image\" data-id=\"1efc625\" data-element_type=\"widget\" data-e-type=\"widget\" data-widget_type=\"image.default\">\n\t\t\t\t<div class=\"elementor-widget-container\">\n\t\t\t\t\t\t\t\t\t\t\t\t\t\t\t\t<a href=\"https:\/\/www.restaurant-les-genets.fr\/en\">\n\t\t\t\t\t\t\t<img decoding=\"async\" width=\"250\" height=\"122\" src=\"https:\/\/www.restaurant-les-genets.fr\/wp-content\/uploads\/2022\/03\/logo_lesgenets_cmjn-svg.svg\" class=\"attachment-full size-full wp-image-97\" alt=\"\" title=\"Photo -\">\t\t\t\t\t\t\t\t<\/a>\n\t\t\t\t\t\t\t\t\t\t\t\t\t\t\t<\/div>\n\t\t\t\t<\/div>\n\t\t\t\t<div class=\"elementor-element elementor-element-86facf5 elementor-hidden-mobile elementor-widget elementor-widget-heading\" data-id=\"86facf5\" data-element_type=\"widget\" data-e-type=\"widget\" data-widget_type=\"heading.default\">\n\t\t\t\t<div class=\"elementor-widget-container\">\n\t\t\t\t\t<h1 class=\"elementor-heading-title elementor-size-default\">Fine and creative cuisine<\/h1>\t\t\t\t<\/div>\n\t\t\t\t<\/div>\n\t\t\t\t<div class=\"elementor-element elementor-element-9fec940 elementor-widget elementor-widget-image\" data-id=\"9fec940\" data-element_type=\"widget\" data-e-type=\"widget\" data-widget_type=\"image.default\">\n\t\t\t\t<div class=\"elementor-widget-container\">\n\t\t\t\t\t\t\t\t\t\t\t\t\t\t\t<img fetchpriority=\"high\" decoding=\"async\" width=\"504\" height=\"492\" src=\"https:\/\/www.restaurant-les-genets.fr\/wp-content\/uploads\/2022\/03\/Groupe-5.svg\" class=\"attachment-full size-full wp-image-739\" alt=\"\" title=\"Photo -\">\t\t\t\t\t\t\t\t\t\t\t\t\t\t\t<\/div>\n\t\t\t\t<\/div>\n\t\t\t\t<div class=\"elementor-element elementor-element-4f79b0a elementor-hidden-mobile elementor-view-default elementor-widget elementor-widget-icon\" data-id=\"4f79b0a\" data-element_type=\"widget\" data-e-type=\"widget\" data-widget_type=\"icon.default\">\n\t\t\t\t<div class=\"elementor-widget-container\">\n\t\t\t\t\t\t\t<div class=\"elementor-icon-wrapper\">\n\t\t\t<a class=\"elementor-icon\" href=\"#sectionsuivante\">\n\t\t\t<svg xmlns=\"http:\/\/www.w3.org\/2000\/svg\" xmlns:xlink=\"http:\/\/www.w3.org\/1999\/xlink\" width=\"37.092\" height=\"60.693\" viewbox=\"0 0 37.092 60.693\"><defs><clippath id=\"clip-path\"><rect id=\"Rectangle_5\" data-name=\"Rectangle 5\" width=\"37.092\" height=\"60.693\" fill=\"#fff\"><\/rect><\/clippath><\/defs><g id=\"Groupe_11\" data-name=\"Groupe 11\" transform=\"translate(0 0)\"><g id=\"Groupe_10\" data-name=\"Groupe 10\" transform=\"translate(0 0)\" clip-path=\"url(#clip-path)\"><path id=\"Trac&#xE9;_18\" data-name=\"Trac&#xE9; 18\" d=\"M18.546,60.693A18.6,18.6,0,0,1,0,42.15v-23.6a18.546,18.546,0,0,1,37.092,0v23.6A18.6,18.6,0,0,1,18.546,60.693Zm0-57.321A15.218,15.218,0,0,0,3.372,18.546v23.6a15.174,15.174,0,0,0,30.348,0v-23.6A15.218,15.218,0,0,0,18.546,3.372\" transform=\"translate(0 -0.001)\" fill=\"#fff\"><\/path><path id=\"Trac&#xE9;_19\" data-name=\"Trac&#xE9; 19\" d=\"M8.106,14.289A1.691,1.691,0,0,1,6.42,12.6V5.859a1.686,1.686,0,1,1,3.372,0V12.6a1.691,1.691,0,0,1-1.686,1.686\" transform=\"translate(10.44 6.785)\" fill=\"#fff\"><\/path><\/g><\/g><\/svg>\t\t\t<\/a>\n\t\t<\/div>\n\t\t\t\t\t\t<\/div>\n\t\t\t\t<\/div>\n\t\t\t\t\t<\/div>\n\t\t<\/div>\n\t\t\t\t\t<\/div>\n\t\t<\/section>\n\t\t\t\t<section class=\"elementor-section elementor-top-section elementor-element elementor-element-d1c0649 elementor-section-boxed elementor-section-height-default elementor-section-height-default\" data-id=\"d1c0649\" data-element_type=\"section\" data-e-type=\"section\" data-settings=\"{&quot;mdp_selection_sticky_effect_enable&quot;:false}\">\n\t\t\t\t\t\t<div class=\"elementor-container elementor-column-gap-default\">\n\t\t\t\t\t<div class=\"elementor-column elementor-col-100 elementor-top-column elementor-element elementor-element-0f96001\" data-id=\"0f96001\" data-element_type=\"column\" data-e-type=\"column\" data-settings=\"{&quot;mdp_selection_sticky_column_effect_enable&quot;:false}\">\n\t\t\t<div class=\"elementor-widget-wrap elementor-element-populated\">\n\t\t\t\t\t\t<div class=\"elementor-element elementor-element-db4d1e0 titre2lignes titreBlancSurMobile elementor-widget elementor-widget-heading\" data-id=\"db4d1e0\" data-element_type=\"widget\" data-e-type=\"widget\" data-widget_type=\"heading.default\">\n\t\t\t\t<div class=\"elementor-widget-container\">\n\t\t\t\t\t<h1 class=\"elementor-heading-title elementor-size-default\">Discovering the menu  <strong>\ngastronomic<\/strong>This menu is only served in the evening, at weekends and on public holidays.<\/h1>\t\t\t\t<\/div>\n\t\t\t\t<\/div>\n\t\t\t\t\t<\/div>\n\t\t<\/div>\n\t\t\t\t\t<\/div>\n\t\t<\/section>\n\t\t\t\t<section class=\"elementor-section elementor-top-section elementor-element elementor-element-dfff39a elementor-section-boxed elementor-section-height-default elementor-section-height-default\" data-id=\"dfff39a\" data-element_type=\"section\" data-e-type=\"section\" data-settings=\"{&quot;mdp_selection_sticky_effect_enable&quot;:false}\">\n\t\t\t\t\t\t<div class=\"elementor-container elementor-column-gap-default\">\n\t\t\t\t\t<div class=\"elementor-column elementor-col-100 elementor-top-column elementor-element elementor-element-d5cc550\" data-id=\"d5cc550\" data-element_type=\"column\" data-e-type=\"column\" data-settings=\"{&quot;mdp_selection_sticky_column_effect_enable&quot;:false}\">\n\t\t\t<div class=\"elementor-widget-wrap elementor-element-populated\">\n\t\t\t\t\t\t<div class=\"elementor-element elementor-element-08fcab6 elementor-widget elementor-widget-heading\" data-id=\"08fcab6\" data-element_type=\"widget\" data-e-type=\"widget\" data-widget_type=\"heading.default\">\n\t\t\t\t<div class=\"elementor-widget-container\">\n\t\t\t\t\t<h2 class=\"elementor-heading-title elementor-size-default\">Getting started<\/h2>\t\t\t\t<\/div>\n\t\t\t\t<\/div>\n\t\t\t\t<section class=\"elementor-section elementor-inner-section elementor-element elementor-element-2351bd9 elementor-section-boxed elementor-section-height-default elementor-section-height-default\" data-id=\"2351bd9\" data-element_type=\"section\" data-e-type=\"section\" data-settings=\"{&quot;mdp_selection_sticky_effect_enable&quot;:false}\">\n\t\t\t\t\t\t<div class=\"elementor-container elementor-column-gap-default\">\n\t\t\t\t\t<div class=\"elementor-column elementor-col-100 elementor-inner-column elementor-element elementor-element-3202164\" data-id=\"3202164\" data-element_type=\"column\" data-e-type=\"column\" data-settings=\"{&quot;mdp_selection_sticky_column_effect_enable&quot;:false}\">\n\t\t\t<div class=\"elementor-widget-wrap elementor-element-populated\">\n\t\t\t\t\t\t<div class=\"elementor-element elementor-element-b5a2eeb elementor-widget elementor-widget-text-editor\" data-id=\"b5a2eeb\" data-element_type=\"widget\" data-e-type=\"widget\" data-widget_type=\"text-editor.default\">\n\t\t\t\t<div class=\"elementor-widget-container\">\n\t\t\t\t\t\t\t\t\t<p>Some salty appetizers<\/p>\t\t\t\t\t\t\t\t<\/div>\n\t\t\t\t<\/div>\n\t\t\t\t\t<\/div>\n\t\t<\/div>\n\t\t\t\t\t<\/div>\n\t\t<\/section>\n\t\t\t\t<div class=\"elementor-element elementor-element-1864b39 elementor-widget elementor-widget-heading\" data-id=\"1864b39\" data-element_type=\"widget\" data-e-type=\"widget\" data-widget_type=\"heading.default\">\n\t\t\t\t<div class=\"elementor-widget-container\">\n\t\t\t\t\t<h2 class=\"elementor-heading-title elementor-size-default\">Inputs<\/h2>\t\t\t\t<\/div>\n\t\t\t\t<\/div>\n\t\t\t\t<div class=\"elementor-element elementor-element-ae232ab elementor-widget elementor-widget-text-editor\" data-id=\"ae232ab\" data-element_type=\"widget\" data-e-type=\"widget\" data-widget_type=\"text-editor.default\">\n\t\t\t\t<div class=\"elementor-widget-container\">\n\t\t\t\t\t\t\t\t\t<p><span style=\"letter-spacing: 0.8px;\">* Maquereau de Pays cuit \u00e0 la flamme, betterave et ails des ours.<\/span><\/p><p>Asperges grill\u00e9es, boeuf marin\u00e9 et fleur d&rsquo;oranger.<\/p><p><span style=\"letter-spacing: 0.8px;\">\u00a0<\/span><\/p>\t\t\t\t\t\t\t\t<\/div>\n\t\t\t\t<\/div>\n\t\t\t\t<div class=\"elementor-element elementor-element-b9ecf7f elementor-widget elementor-widget-heading\" data-id=\"b9ecf7f\" data-element_type=\"widget\" data-e-type=\"widget\" data-widget_type=\"heading.default\">\n\t\t\t\t<div class=\"elementor-widget-container\">\n\t\t\t\t\t<h2 class=\"elementor-heading-title elementor-size-default\">Dishes<\/h2>\t\t\t\t<\/div>\n\t\t\t\t<\/div>\n\t\t\t\t<div class=\"elementor-element elementor-element-981d339 elementor-widget elementor-widget-text-editor\" data-id=\"981d339\" data-element_type=\"widget\" data-e-type=\"widget\" data-widget_type=\"text-editor.default\">\n\t\t\t\t<div class=\"elementor-widget-container\">\n\t\t\t\t\t\t\t\t\t<p>* En direct des bateaux, cr\u00e8me de poireaux fum\u00e9 et oeufs de poisson.<\/p><p><span style=\"color: var( --e-global-color-c96017e ); font-family: var( --e-global-typography-43fd4b2-font-family ), Sans-serif; font-size: var( --e-global-typography-43fd4b2-font-size ); font-style: var( --e-global-typography-43fd4b2-font-style ); font-weight: var( --e-global-typography-43fd4b2-font-weight ); letter-spacing: var( --e-global-typography-43fd4b2-letter-spacing ); word-spacing: var( --e-global-typography-43fd4b2-word-spacing );\">Cochon de Pays, carottes, chorizo et combawa.<\/span><\/p>\t\t\t\t\t\t\t\t<\/div>\n\t\t\t\t<\/div>\n\t\t\t\t<div class=\"elementor-element elementor-element-09ce290 elementor-widget elementor-widget-heading\" data-id=\"09ce290\" data-element_type=\"widget\" data-e-type=\"widget\" data-widget_type=\"heading.default\">\n\t\t\t\t<div class=\"elementor-widget-container\">\n\t\t\t\t\t<h2 class=\"elementor-heading-title elementor-size-default\">Dessert<\/h2>\t\t\t\t<\/div>\n\t\t\t\t<\/div>\n\t\t\t\t<div class=\"elementor-element elementor-element-b4d2090 elementor-widget elementor-widget-text-editor\" data-id=\"b4d2090\" data-element_type=\"widget\" data-e-type=\"widget\" data-widget_type=\"text-editor.default\">\n\t\t\t\t<div class=\"elementor-widget-container\">\n\t\t\t\t\t\t\t\t\t<p>Fromages affin\u00e9s, herbes et fruits acidul\u00e9s<\/p><p>*Pomme cuite 8 heures, orange-caf\u00e9.<\/p>\t\t\t\t\t\t\t\t<\/div>\n\t\t\t\t<\/div>\n\t\t\t\t<div class=\"elementor-element elementor-element-2ae7dbc elementor-widget elementor-widget-heading\" data-id=\"2ae7dbc\" data-element_type=\"widget\" data-e-type=\"widget\" data-widget_type=\"heading.default\">\n\t\t\t\t<div class=\"elementor-widget-container\">\n\t\t\t\t\t<h2 class=\"elementor-heading-title elementor-size-default\">Finally<\/h2>\t\t\t\t<\/div>\n\t\t\t\t<\/div>\n\t\t\t\t<div class=\"elementor-element elementor-element-2c57657 elementor-widget elementor-widget-text-editor\" data-id=\"2c57657\" data-element_type=\"widget\" data-e-type=\"widget\" data-widget_type=\"text-editor.default\">\n\t\t\t\t<div class=\"elementor-widget-container\">\n\t\t\t\t\t\t\t\t\t<p>\u00a0Some sweet treats<\/p><p><strong>Rates :<\/strong><\/p><p><strong>114 \u20ac<\/strong> Full menu - With wines <strong>164 \u20ac\u00a0<\/strong><\/p><p><span style=\"letter-spacing: 0.8px;\"><strong>80<\/strong><strong style=\"letter-spacing: 0.8px;\">\u20ac:<\/strong>Entr\u00e9e, poisson, viande, dessert &#8211; Avec les vins <\/span><strong style=\"letter-spacing: 0.8px;\">120 \u20ac\u00a0\u00a0<\/strong><\/p><p><strong>65 <\/strong><span style=\"letter-spacing: 0.8px;\"><strong style=\"letter-spacing: 0.8px;\">\u20ac<\/strong> Entr\u00e9e, plat, dessert *-avec les vins<strong style=\"letter-spacing: 0.8px;\"> 95 \u20ac<\/strong><\/span><\/p>\t\t\t\t\t\t\t\t<\/div>\n\t\t\t\t<\/div>\n\t\t\t\t<section class=\"elementor-section elementor-inner-section elementor-element elementor-element-ebe12e9 elementor-section-boxed elementor-section-height-default elementor-section-height-default\" data-id=\"ebe12e9\" data-element_type=\"section\" data-e-type=\"section\" data-settings=\"{&quot;mdp_selection_sticky_effect_enable&quot;:false}\">\n\t\t\t\t\t\t<div class=\"elementor-container elementor-column-gap-default\">\n\t\t\t\t\t<div class=\"elementor-column elementor-col-100 elementor-inner-column elementor-element elementor-element-2d8bbf5\" data-id=\"2d8bbf5\" data-element_type=\"column\" data-e-type=\"column\" data-settings=\"{&quot;mdp_selection_sticky_column_effect_enable&quot;:false}\">\n\t\t\t<div class=\"elementor-widget-wrap elementor-element-populated\">\n\t\t\t\t\t\t<div class=\"elementor-element elementor-element-0e59a02 elementor-widget elementor-widget-text-editor\" data-id=\"0e59a02\" data-element_type=\"widget\" data-e-type=\"widget\" data-widget_type=\"text-editor.default\">\n\t\t\t\t<div class=\"elementor-widget-container\">\n\t\t\t\t\t\t\t\t\t<p>Service included. Meat of French origin<\/p><p align=\"center\"><span style=\"font-family: Comic Sans MS, cursive;\"><span style=\"font-size: large;\"><b>\"Tasting like the grown-ups!<\/b><\/span><\/span><\/p><p align=\"left\"><span style=\"font-family: Comic Sans MS, cursive;\"><span style=\"font-size: medium;\"><i>\u00a0 \u00a0 \u00a0 \u00a0 \u00a0 \u00a0 \u00a0 \u00a0 \u00a0 \u00a0 \u00a0 \u00a0 \u00a0 \u00a0 \u00a0 \u00a0 \u00a0 \u00a0 \u00a0 \u00a0 \u00a0 \u00a0 \u00a0 \u00a0 \u00a0 \u00a0 \u00a0 \u00a0 \u00a0 \u00a0 \u00a0 \u00a0 \u00a0 \u00a0 \u00a0 \u00a0 \u00a0 \u00a0 \u00a0 \u00a0 Children's menu (up to 1<\/i><\/span><span style=\"font-size: medium;\"><i>0<\/i><\/span><span style=\"font-size: medium;\"><i> years) <\/i><\/span><\/span><\/p><p align=\"left\"><span style=\"font-family: Comic Sans MS, cursive;\"><b><span style=\"font-size: medium;\">\u00a0 \u00a0 \u00a0 \u00a0 \u00a0 \u00a0 \u00a0 \u00a0 \u00a0 \u00a0 \u00a0 \u00a0 \u00a0 \u00a0 \u00a0 \u00a0 \u00a0 \u00a0 \u00a0 \u00a0 \u00a0 \u00a0 \u00a0 \u00a0 \u00a0 \u00a0 \u00a0 \u00a0 \u00a0 \u00a024<\/span>\u00a0<\/b><span style=\"font-size: medium;\"><b>\u20ac<\/b><\/span><span style=\"font-size: medium;\"><b>: <\/b><\/span><span style=\"font-size: medium;\">E<\/span><span style=\"font-size: medium;\">ntr\u00e9e,plat,dessert\u00a0<\/span><\/span><\/p>\t\t\t\t\t\t\t\t<\/div>\n\t\t\t\t<\/div>\n\t\t\t\t\t<\/div>\n\t\t<\/div>\n\t\t\t\t\t<\/div>\n\t\t<\/section>\n\t\t\t\t\t<\/div>\n\t\t<\/div>\n\t\t\t\t\t<\/div>\n\t\t<\/section>\n\t\t\t\t<\/div>","protected":false},"excerpt":{"rendered":"<p>Cuisine fine et cr\u00e9ative \u00c0 la d\u00e9couverte du menu gastronomiqueCe menu est servi uniquement le soir, le week-end et jours feri\u00e9s Pour d\u00e9buter Quelques mises en bouche sal\u00e9es Entr\u00e9es * Maquereau de Pays cuit \u00e0 la flamme, betterave et ails des ours. Asperges grill\u00e9es, boeuf marin\u00e9 et fleur d&rsquo;oranger. \u00a0 Plats * En direct des [&hellip;]<\/p>\n","protected":false},"author":5,"featured_media":0,"parent":111,"menu_order":0,"comment_status":"closed","ping_status":"closed","template":"","meta":{"inline_featured_image":false,"footnotes":""},"class_list":["post-2270","page","type-page","status-publish","hentry"],"_links":{"self":[{"href":"https:\/\/www.restaurant-les-genets.fr\/en\/wp-json\/wp\/v2\/pages\/2270","targetHints":{"allow":["GET"]}}],"collection":[{"href":"https:\/\/www.restaurant-les-genets.fr\/en\/wp-json\/wp\/v2\/pages"}],"about":[{"href":"https:\/\/www.restaurant-les-genets.fr\/en\/wp-json\/wp\/v2\/types\/page"}],"author":[{"embeddable":true,"href":"https:\/\/www.restaurant-les-genets.fr\/en\/wp-json\/wp\/v2\/users\/5"}],"replies":[{"embeddable":true,"href":"https:\/\/www.restaurant-les-genets.fr\/en\/wp-json\/wp\/v2\/comments?post=2270"}],"version-history":[{"count":504,"href":"https:\/\/www.restaurant-les-genets.fr\/en\/wp-json\/wp\/v2\/pages\/2270\/revisions"}],"predecessor-version":[{"id":4344,"href":"https:\/\/www.restaurant-les-genets.fr\/en\/wp-json\/wp\/v2\/pages\/2270\/revisions\/4344"}],"up":[{"embeddable":true,"href":"https:\/\/www.restaurant-les-genets.fr\/en\/wp-json\/wp\/v2\/pages\/111"}],"wp:attachment":[{"href":"https:\/\/www.restaurant-les-genets.fr\/en\/wp-json\/wp\/v2\/media?parent=2270"}],"curies":[{"name":"wp","href":"https:\/\/api.w.org\/{rel}","templated":true}]}}